{"id":34,"date":"2022-10-29T09:46:48","date_gmt":"2022-10-29T09:46:48","guid":{"rendered":"https:\/\/themexriver.com\/wp\/appics\/?page_id=34"},"modified":"2024-12-10T11:56:52","modified_gmt":"2024-12-10T11:56:52","slug":"homepage-three","status":"publish","type":"page","link":"https:\/\/appli.ebenezertoutestgrace.org\/","title":{"rendered":"Homepage Three"},"content":{"rendered":"\t\t<div data-elementor-type=\"wp-page\" data-elementor-id=\"34\" class=\"elementor elementor-34\" data-elementor-post-type=\"page\">\n\t\t\t\t\t\t<section class=\"elementor-section elementor-top-section elementor-element elementor-element-6edcb86d elementor-section-full_width elementor-section-height-default elementor-section-height-default\" data-id=\"6edcb86d\" data-element_type=\"section\" data-settings=\"{&quot;background_background&quot;:&quot;classic&quot;}\">\n\t\t\t\t\t\t<div class=\"elementor-container elementor-column-gap-no\">\n\t\t\t\t\t<div class=\"elementor-column elementor-col-100 elementor-top-column elementor-element elementor-element-4b09f4fd\" data-id=\"4b09f4fd\" data-element_type=\"column\">\n\t\t\t<div class=\"elementor-widget-wrap elementor-element-populated\">\n\t\t\t\t\t\t<div class=\"elementor-element elementor-element-4fe91dc7 elementor-widget elementor-widget-apics-fin-hero-id\" data-id=\"4fe91dc7\" data-element_type=\"widget\" data-widget_type=\"apics-fin-hero-id.default\">\n\t\t\t\t<div class=\"elementor-widget-container\">\n\t\t\t    <!-- hero start -->\r\n\t<div class=\"fin__hero ul_li\">\r\n\t\t<div class=\"container\">\r\n\t\t\t<div class=\"row align-items-center justify-content-center\">\r\n\t\t\t\t<div class=\"col-lg-7\">\r\n\t\t\t\t\t<div class=\"finh__content\">\r\n\t\t\t\t\t\t<div class=\"tx-heading tx-heading--fin text-center\">\r\n\t\t\t\t\t\t\t\t\t\t\t\t\t\t<span class=\"subtitle no-bg wow fadeInUp\" data-wow-delay=\"ms\">MOKPOKPO MENA NU KPEA AMEO<\/span>\r\n\t\t\t\t\t\t\t\t\t\t\t\t\t\t<h3 class=\"tx-item--title\" data-wow-delay=\"ms\">\r\n\t\t\t\t\t\t\t\t<span class=\"tx-item--text\">\r\n\t\t\t\t\t\t\t\t\t<span class=\"tx-text--slide\"><span class=\"wow letter\">T<\/span><\/span>\u00e9<span class=\"tx-text--slide\"><span class=\"wow letter\">l<\/span><\/span>\u00e9<span class=\"tx-text--slide\"><span class=\"wow letter\">charger<\/span><\/span> <span class=\"tx-text--slide\"><span class=\"wow letter\">l<\/span><\/span>'<span class=\"tx-text--slide\"><span class=\"wow letter\">appliaction<\/span><\/span> <br>\n<span class=\"tx-text--slide\"><span class=\"wow letter\">pour<\/span><\/span> <span class=\"tx-text--slide\"><span class=\"wow letter\">Android<\/span><\/span>\t\t\t\t\t\t\t\t<\/span>\r\n\t\t\t\t\t\t\t<\/h3>\r\n\t\t\t\t\t\t<\/div>\r\n\t\t\t\t\t\t\t\t\t\t\t\t<ul class=\"finh__list ul_li_center mt-30 mb-60 wow fadeInUp\" data-wow-delay=\"200ms\">\r\n\t\t\t\t\t\t\t\t\t\t\t\t\t\t<li><i class=\"far fa-check\"><\/i>Gratuit<\/li>\r\n\t\t\t\t\t\t\t\t\t\t\t\t\t\t<li><i class=\"far fa-check\"><\/i>s\u00e9curis\u00e9e<\/li>\r\n\t\t\t\t\t\t\t\t\t\t\t\t\t<\/ul>\r\n\t\t\t\t\t\t\t\t\t\t\t\t\t\t\t\t\t\t<div class=\"finh__form wow fadeInUp\" data-wow-delay=\"400ms\">\r\n\t\t\t\t\t\t\t<div class=\"sdm_download_button_box_default\"><div class=\"sdm_download_link\"><a href=\"https:\/\/appli.ebenezertoutestgrace.org\/?sdm_process_download=1&download_id=3072\" class=\"sdm_download green\" title=\"T\u00e9lechargement\" >Cliquez ici pour Telecharger<\/a><\/div><\/div>\t\t\t\t\t\t<\/div>\r\n\t\t\t\t\t\t\t\t\t\t\t<\/div>\r\n\t\t\t\t<\/div>\r\n\t\t\t<\/div>\r\n\t\t<\/div>\r\n\t\t<div class=\"fin__img\">\r\n\t\t\t<div class=\"fin__img-img1\">\r\n\t\t\t\t\t\t\t\t<div class=\"wow fadeInLeftBig\" data-wow-delay=\"200ms\">\r\n\t\t\t\t\t<img decoding=\"async\" src=\"https:\/\/appli.ebenezertoutestgrace.org\/wp-content\/uploads\/2024\/12\/ad-ajax-1.png\" alt=\"\">\r\n\t\t\t\t<\/div>\r\n\t\t\t\t\t\t\t\t\t\t\t\t<div class=\"shape\">\r\n\t\t\t\t\t<img decoding=\"async\" src=\"https:\/\/themexriver.com\/wp\/appics\/wp-content\/uploads\/2022\/10\/fn_shape_01.png\" alt=\"\">\r\n\t\t\t\t<\/div>\r\n\t\t\t\t\t\t\t<\/div>\r\n\t\t\t<div class=\"fin__img-img2\">\r\n\r\n\t\t\t\t\t\t\t\t<div class=\"wow fadeInUpBig\" data-wow-delay=\"300ms\">\r\n\t\t\t\t\t<img decoding=\"async\" src=\"https:\/\/appli.ebenezertoutestgrace.org\/wp-content\/uploads\/2024\/12\/e9a.png\" alt=\"\">\r\n\t\t\t\t<\/div>\r\n\t\t\t\t\r\n\t\t\t\t\t\t\t\t\t<div class=\"shape\">\r\n\t\t\t\t\t\t<img decoding=\"async\" src=\"https:\/\/themexriver.com\/wp\/appics\/wp-content\/uploads\/2022\/10\/fn_shape_02.png\" alt=\"\">\r\n\t\t\t\t\t<\/div>\r\n\t\t\t\t\r\n\t\t\t<\/div>\r\n\t\t<\/div>\r\n\t\t<div class=\"finh__shape\">\r\n\t\t\t\t\t\t<img decoding=\"async\" class=\"icon icon--1 wow fadeInDown\" data-wow-delay=\"200ms\" src=\"https:\/\/appli.ebenezertoutestgrace.org\/wp-content\/uploads\/2024\/12\/Sanfxvre-1.png\" alt=\"\">\r\n\t\t\t\r\n\t\t\t\t\t\t\t<img decoding=\"async\" class=\"icon icon--2 wow fadeInUp\" data-wow-delay=\"400ms\" src=\"https:\/\/appli.ebenezertoutestgrace.org\/wp-content\/uploads\/2024\/12\/Sanfxvre-1.png\" alt=\"\">\r\n\t\t\t\r\n\t\t\t\t\t\t\t<img decoding=\"async\" class=\"icon icon--3 wow fadeInRight\" data-wow-delay=\"500ms\" src=\"https:\/\/appli.ebenezertoutestgrace.org\/wp-content\/uploads\/2024\/12\/Sanfxvre-1.png\" alt=\"\">\r\n\t\t\t\t\t<\/div>\r\n\t<\/div>\r\n\t<!-- hero end -->\r\n    \t\t<\/div>\n\t\t\t\t<\/div>\n\t\t\t\t\t<\/div>\n\t\t<\/div>\n\t\t\t\t\t<\/div>\n\t\t<\/section>\n\t\t\t\t<section class=\"elementor-section elementor-top-section elementor-element elementor-element-6f078a82 elementor-section-boxed elementor-section-height-default elementor-section-height-default\" data-id=\"6f078a82\" data-element_type=\"section\" data-settings=\"{&quot;background_background&quot;:&quot;classic&quot;}\">\n\t\t\t\t\t\t<div class=\"elementor-container elementor-column-gap-default\">\n\t\t\t\t\t<div class=\"elementor-column elementor-col-100 elementor-top-column elementor-element elementor-element-3683e2cf\" data-id=\"3683e2cf\" data-element_type=\"column\">\n\t\t\t<div class=\"elementor-widget-wrap\">\n\t\t\t\t\t\t\t<\/div>\n\t\t<\/div>\n\t\t\t\t\t<\/div>\n\t\t<\/section>\n\t\t\t\t<section class=\"elementor-section elementor-top-section elementor-element elementor-element-21446465 elementor-section-boxed elementor-section-height-default elementor-section-height-default\" data-id=\"21446465\" data-element_type=\"section\" data-settings=\"{&quot;background_background&quot;:&quot;classic&quot;,&quot;animation&quot;:&quot;none&quot;}\">\n\t\t\t\t\t\t\t<div class=\"elementor-background-overlay\"><\/div>\n\t\t\t\t\t\t\t<div class=\"elementor-container elementor-column-gap-default\">\n\t\t\t\t\t<div class=\"elementor-column elementor-col-100 elementor-top-column elementor-element elementor-element-3a5a471\" data-id=\"3a5a471\" data-element_type=\"column\">\n\t\t\t<div class=\"elementor-widget-wrap elementor-element-populated\">\n\t\t\t\t\t\t<div class=\"elementor-element elementor-element-31fe868 elementor-widget elementor-widget-apics-fnf-countr-id\" data-id=\"31fe868\" data-element_type=\"widget\" id=\"9\" data-widget_type=\"apics-fnf-countr-id.default\">\n\t\t\t\t<div class=\"elementor-widget-container\">\n\t\t\t\t<div class=\"counter__wrap counter__two mt-none-50\">\r\n\t\t\t\t<div class=\"tx-col mt-50\">\r\n\t\t\t<div class=\"counter__item\">\r\n\t\t\t\t\t\t\t\t<div class=\"counter__icon mb-25\">\r\n\t\t\t\t\t<img decoding=\"async\" src=\"https:\/\/themexriver.com\/wp\/appics\/wp-content\/uploads\/2022\/10\/count_01.svg\" alt=\"\">\r\n\t\t\t\t<\/div>\r\n\t\t\t\t\t\t\t\t<h2 class=\"counter__number\"><span class=\"odometer\" data-count=\"600\">00<\/span><span class=\"plus\">K+<\/span><\/h2>\r\n    \t\t\t<h3 class=\"counter__title\">T\u00e9l\u00e9chargements<\/h3>\r\n\t\t\t<\/div>\r\n\t\t<\/div>\r\n\t\t\t\t<div class=\"tx-col mt-50\">\r\n\t\t\t<div class=\"counter__item\">\r\n\t\t\t\t\t\t\t\t<div class=\"counter__icon mb-25\">\r\n\t\t\t\t\t<img decoding=\"async\" src=\"https:\/\/themexriver.com\/wp\/appics\/wp-content\/uploads\/2022\/10\/count_02.svg\" alt=\"\">\r\n\t\t\t\t<\/div>\r\n\t\t\t\t\t\t\t\t<h2 class=\"counter__number\"><span class=\"odometer\" data-count=\"140\">00<\/span><span class=\"plus\">K+<\/span><\/h2>\r\n    \t\t\t<h3 class=\"counter__title\">Commentaires<\/h3>\r\n\t\t\t<\/div>\r\n\t\t<\/div>\r\n\t\t\t\t<div class=\"tx-col mt-50\">\r\n\t\t\t<div class=\"counter__item\">\r\n\t\t\t\t\t\t\t\t<div class=\"counter__icon mb-25\">\r\n\t\t\t\t\t<img decoding=\"async\" src=\"https:\/\/themexriver.com\/wp\/appics\/wp-content\/uploads\/2022\/10\/count_03.svg\" alt=\"\">\r\n\t\t\t\t<\/div>\r\n\t\t\t\t\t\t\t\t<h2 class=\"counter__number\"><span class=\"odometer\" data-count=\"3.5\">00<\/span><span class=\"plus\">M<\/span><\/h2>\r\n    \t\t\t<h3 class=\"counter__title\">Avis<\/h3>\r\n\t\t\t<\/div>\r\n\t\t<\/div>\r\n\t\t\t<\/div>\r\n    \t\t<\/div>\n\t\t\t\t<\/div>\n\t\t\t\t\t<\/div>\n\t\t<\/div>\n\t\t\t\t\t<\/div>\n\t\t<\/section>\n\t\t\t\t<section class=\"elementor-section elementor-top-section elementor-element elementor-element-176818b elementor-section-full_width elementor-section-height-default elementor-section-height-default\" data-id=\"176818b\" data-element_type=\"section\" data-settings=\"{&quot;background_background&quot;:&quot;classic&quot;}\">\n\t\t\t\t\t\t<div class=\"elementor-container elementor-column-gap-no\">\n\t\t\t\t\t<div class=\"elementor-column elementor-col-100 elementor-top-column elementor-element elementor-element-48ffc21\" data-id=\"48ffc21\" data-element_type=\"column\">\n\t\t\t<div class=\"elementor-widget-wrap elementor-element-populated\">\n\t\t\t\t\t\t<div class=\"elementor-element elementor-element-75cc66cc elementor-widget elementor-widget-apics-testimonial-id\" data-id=\"75cc66cc\" data-element_type=\"widget\" data-widget_type=\"apics-testimonial-id.default\">\n\t\t\t\t<div class=\"elementor-widget-container\">\n\t\t\t  <div class=\"testimonial pb-120\">\r\n         <div class=\"container\">\r\n                <div class=\"testimonial__slide\">\r\n                                        <div class=\"testimonial__item\">\r\n                        <div class=\"testimonial__avatar\">\r\n                            <img decoding=\"async\" src=\"https:\/\/appli.ebenezertoutestgrace.org\/wp-content\/uploads\/2022\/10\/tst_02.png\" alt=\"\">\r\n                        <\/div>\r\n                        <div class=\"testimonial__content\">\r\n                            <h3 class=\"name\">LEGUEDE, Mardi 23 aout<\/h3>\r\n                            <span class=\"desig\"><\/span>\r\n                            <p>Soyez b\u00e9nis pour ce minist\u00e8re au service de l'\u00c9vangile de J\u00e9sus-Christ !<\/p>\r\n                            <ul class=\"rating-star ul_li mt-25\">\r\n                                                                    <li><i class=\"fas fa-star\"><\/i><\/li>\r\n                                                                    <li><i class=\"fas fa-star\"><\/i><\/li>\r\n                                                                    <li><i class=\"fas fa-star\"><\/i><\/li>\r\n                                                                    <li><i class=\"fas fa-star\"><\/i><\/li>\r\n                                                                    <li><i class=\"fas fa-star\"><\/i><\/li>\r\n                                                            <\/ul>\r\n                        <\/div>\r\n                    <\/div>\r\n                                    <div class=\"testimonial__item\">\r\n                        <div class=\"testimonial__avatar\">\r\n                            <img decoding=\"async\" src=\"https:\/\/themexriver.com\/wp\/appics\/wp-content\/uploads\/2022\/10\/tst_02.png\" alt=\"\">\r\n                        <\/div>\r\n                        <div class=\"testimonial__content\">\r\n                            <h3 class=\"name\">Kate, Mardi 13 septembre<\/h3>\r\n                            <span class=\"desig\"><\/span>\r\n                            <p>merci merci \u00e9vang\u00e9liste que Dieu vous b\u00e9nisse b\u00e9ni ta famille ta femme tes enfants tout le monde qui t\u2019aide dans cette \u00e9mission tu nous fais beaucoup du bien  merci beaucoup que Seigneur J\u00e9sus-Christ vous prot\u00e9ger merci mon \u00e9vang\u00e9liste gloire \u00e0 Dieu gloire \u00e0 Dieu Shalom<\/p>\r\n                            <ul class=\"rating-star ul_li mt-25\">\r\n                                                                    <li><i class=\"fas fa-star\"><\/i><\/li>\r\n                                                                    <li><i class=\"fas fa-star\"><\/i><\/li>\r\n                                                                    <li><i class=\"fas fa-star\"><\/i><\/li>\r\n                                                                    <li><i class=\"fas fa-star\"><\/i><\/li>\r\n                                                                    <li><i class=\"fas fa-star\"><\/i><\/li>\r\n                                                            <\/ul>\r\n                        <\/div>\r\n                    <\/div>\r\n                                    <div class=\"testimonial__item\">\r\n                        <div class=\"testimonial__avatar\">\r\n                            <img decoding=\"async\" src=\"https:\/\/appli.ebenezertoutestgrace.org\/wp-content\/uploads\/2022\/10\/tst_02.png\" alt=\"\">\r\n                        <\/div>\r\n                        <div class=\"testimonial__content\">\r\n                            <h3 class=\"name\">WOM\u00c9, Vendredi 25 novembre<\/h3>\r\n                            <span class=\"desig\"><\/span>\r\n                            <p>Gloire \u00e0 Dieu Amen Amen Amen. soyons tous b\u00e9ni<\/p>\r\n                            <ul class=\"rating-star ul_li mt-25\">\r\n                                                                    <li><i class=\"fas fa-star\"><\/i><\/li>\r\n                                                                    <li><i class=\"fas fa-star\"><\/i><\/li>\r\n                                                                    <li><i class=\"fas fa-star\"><\/i><\/li>\r\n                                                                    <li><i class=\"fas fa-star\"><\/i><\/li>\r\n                                                                    <li><i class=\"fas fa-star\"><\/i><\/li>\r\n                                                            <\/ul>\r\n                        <\/div>\r\n                    <\/div>\r\n                                    <div class=\"testimonial__item\">\r\n                        <div class=\"testimonial__avatar\">\r\n                            <img decoding=\"async\" src=\"https:\/\/themexriver.com\/wp\/appics\/wp-content\/uploads\/2022\/10\/tst_02.png\" alt=\"\">\r\n                        <\/div>\r\n                        <div class=\"testimonial__content\">\r\n                            <h3 class=\"name\">ESSIGAN, Lundi 06 Juin<\/h3>\r\n                            <span class=\"desig\"><\/span>\r\n                            <p>Merci Seigneur pour tes merveilles gloire et louange \u00e9ternellement \u00e0 toi mon Dieu<\/p>\r\n                            <ul class=\"rating-star ul_li mt-25\">\r\n                                                                    <li><i class=\"fas fa-star\"><\/i><\/li>\r\n                                                                    <li><i class=\"fas fa-star\"><\/i><\/li>\r\n                                                                    <li><i class=\"fas fa-star\"><\/i><\/li>\r\n                                                                    <li><i class=\"fas fa-star\"><\/i><\/li>\r\n                                                                    <li><i class=\"fas fa-star\"><\/i><\/li>\r\n                                                            <\/ul>\r\n                        <\/div>\r\n                    <\/div>\r\n                                <\/div>\r\n            <\/div>\r\n                <div class=\"testimonial__shape\">\r\n            <img decoding=\"async\" src=\"https:\/\/themexriver.com\/wp\/appics\/wp-content\/uploads\/2022\/10\/tm_shape.png\" alt=\"\">\r\n        <\/div>\r\n            <\/div>\r\n    \t\t<\/div>\n\t\t\t\t<\/div>\n\t\t\t\t\t<\/div>\n\t\t<\/div>\n\t\t\t\t\t<\/div>\n\t\t<\/section>\n\t\t\t\t<\/div>\n\t\t","protected":false},"excerpt":{"rendered":"<p>MOKPOKPO MENA NU KPEA AMEO T\u00e9l\u00e9charger l&rsquo;appliaction pour Android Gratuit s\u00e9curis\u00e9e Cliquez ici pour Telecharger 00K+ T\u00e9l\u00e9chargements 00K+ Commentaires 00M [&hellip;]<\/p>\n","protected":false},"author":1,"featured_media":0,"parent":0,"menu_order":0,"comment_status":"closed","ping_status":"closed","template":"appics-template.php","meta":{"inline_featured_image":false,"footnotes":""},"class_list":["post-34","page","type-page","status-publish","hentry"],"_links":{"self":[{"href":"https:\/\/appli.ebenezertoutestgrace.org\/index.php?rest_route=\/wp\/v2\/pages\/34","targetHints":{"allow":["GET"]}}],"collection":[{"href":"https:\/\/appli.ebenezertoutestgrace.org\/index.php?rest_route=\/wp\/v2\/pages"}],"about":[{"href":"https:\/\/appli.ebenezertoutestgrace.org\/index.php?rest_route=\/wp\/v2\/types\/page"}],"author":[{"embeddable":true,"href":"https:\/\/appli.ebenezertoutestgrace.org\/index.php?rest_route=\/wp\/v2\/users\/1"}],"replies":[{"embeddable":true,"href":"https:\/\/appli.ebenezertoutestgrace.org\/index.php?rest_route=%2Fwp%2Fv2%2Fcomments&post=34"}],"version-history":[{"count":49,"href":"https:\/\/appli.ebenezertoutestgrace.org\/index.php?rest_route=\/wp\/v2\/pages\/34\/revisions"}],"predecessor-version":[{"id":3113,"href":"https:\/\/appli.ebenezertoutestgrace.org\/index.php?rest_route=\/wp\/v2\/pages\/34\/revisions\/3113"}],"wp:attachment":[{"href":"https:\/\/appli.ebenezertoutestgrace.org\/index.php?rest_route=%2Fwp%2Fv2%2Fmedia&parent=34"}],"curies":[{"name":"wp","href":"https:\/\/api.w.org\/{rel}","templated":true}]}}